{"id":2819,"date":"2024-02-08T11:41:33","date_gmt":"2024-02-08T10:41:33","guid":{"rendered":"https:\/\/no-bell.com\/datenschutzerklaerung-2\/"},"modified":"2024-03-12T14:10:08","modified_gmt":"2024-03-12T13:10:08","slug":"datenschutzerklaerung","status":"publish","type":"page","link":"https:\/\/www.no-bell.com\/de\/datenschutzerklaerung\/","title":{"rendered":"Datenschutzerkl\u00e4rung"},"content":{"rendered":"\n\t<section class=\"section\" id=\"section_1228555109\">\n\t\t<div class=\"bg section-bg fill bg-fill  bg-loaded\" >\n\n\t\t\t\n\t\t\t\n\t\t\t\n\n\t\t<\/div>\n\n\t\t\n\n\t\t<div class=\"section-content relative\">\n\t\t\t\n\n<div class=\"row\"  id=\"row-2030875015\">\n\n\n\t<div id=\"col-1106537574\" class=\"col small-12 large-12\"  >\n\t\t\t\t<div class=\"col-inner\"  >\n\t\t\t\n\t\t\t\n\n\t<div id=\"text-2613865753\" class=\"text\">\n\t\t\n\n<h1>Datenschutzerkl\u00e4rung<\/h1>\n\t\t\n<style>\n#text-2613865753 {\n  text-align: center;\n}\n<\/style>\n\t<\/div>\n\t\n<p><strong>Datum des Inkrafttretens:<\/strong> 1. November 2023<\/p>\n<p><strong><\/p>\n<h2>Einf\u00fchrung<\/h2>\n<p><\/strong><br>\nNoBell verpflichtet sich, die Privatsph\u00e4re und die Sicherheit Ihrer pers\u00f6nlichen Daten zu sch\u00fctzen. In dieser Datenschutzrichtlinie wird erl\u00e4utert, wie wir Ihre Daten erfassen, verwenden und sch\u00fctzen, wenn Sie unsere mobilen und Webanwendungen (&#8220;NoBell&#8221;) nutzen. Durch die Nutzung von NoBell stimmen Sie den in dieser Datenschutzrichtlinie beschriebenen Praktiken zu.<\/p>\n<p><strong><\/p>\n<h2>Gesammelte Informationen<\/h2>\n<p><\/strong><\/p>\n<ul class=\"list-disc list-inside\">\n<li><strong>Vom Benutzer bereitgestellte Informationen:<\/strong> Wir k\u00f6nnen personenbezogene Daten erfassen, die Sie bei der Nutzung von NoBell angeben, wie z. B. Ihren Namen, Ihre E-Mail-Adresse und andere Kontaktinformationen sowie alle Nachrichten, Sprachaufnahmen oder Videoinhalte, die Sie \u00fcber NoBell senden oder empfangen.<\/li>\n<li><strong>Automatisch gesammelte Informationen:<\/strong> Wenn Sie die NoBellthe-App nutzen, k\u00f6nnen wir automatisch bestimmte Informationen sammeln, einschlie\u00dflich Ger\u00e4teinformationen, Nutzungsstatistiken und Protokolle zum Zweck der App-Funktionalit\u00e4t und -Analyse.<\/li>\n<\/ul>\n<p><strong><\/p>\n<h2>Wie wir Ihre Informationen verwenden<\/h2>\n<p><\/strong><br>\nWir verwenden die gesammelten Informationen, um:<\/p>\n<ul class=\"list-disc list-inside\">\n<li>Bereitstellung und Verbesserung der NoBell-Dienste, -Funktionen und -Funktionalit\u00e4t.<\/li>\n<li>Erleichtern Sie die Kommunikation zwischen Bewohnern und ankommenden Personen\/G\u00e4sten.<\/li>\n<li>Senden Sie wichtige Benachrichtigungen, Updates und Supportnachrichten.<\/li>\n<li>Gew\u00e4hrleistung der Sicherheit und Integrit\u00e4t unserer Dienste.<\/li>\n<li>Analysieren Sie das Nutzerverhalten und die Vorlieben, um das Nutzererlebnis zu verbessern.<\/li>\n<\/ul>\n<p> <\/p>\n<h2><strong>Weitergabe Ihrer Informationen<\/strong><\/h2>\n<p>\nWir verkaufen, handeln oder \u00fcbertragen Ihre pers\u00f6nlichen Daten nicht an Dritte. In den folgenden F\u00e4llen k\u00f6nnen wir Ihre Daten jedoch weitergeben:<\/p>\n<p><b>Mit anderen Nutzern: <\/b>Mit NoBell k\u00f6nnen Bewohner und G\u00e4ste Informationen, Nachrichten und Videoanrufe austauschen.<br>\n<b>Mit Dienstanbietern:<\/b> Wir k\u00f6nnen Ihre Daten an Drittanbieter weitergeben, die uns beim Betrieb und der Wartung von NoBell unterst\u00fctzen.<br>\n<b>Zu rechtlichen Zwecken:<\/b> Wir k\u00f6nnen Ihre Daten weitergeben, um gesetzlichen Verpflichtungen nachzukommen, unsere Rechte zu sch\u00fctzen und Sicherheits- oder technische Probleme zu l\u00f6sen.<br>\n<strong><\/p>\n<h2>Datensicherheit<\/h2>\n<p><\/strong><br>\nWir ergreifen angemessene Ma\u00dfnahmen, um Ihre Daten vor unbefugtem Zugriff, Offenlegung, \u00c4nderung oder Zerst\u00f6rung zu sch\u00fctzen. Obwohl wir uns bem\u00fchen, Ihre pers\u00f6nlichen Daten zu sch\u00fctzen, ist keine Methode der \u00dcbertragung \u00fcber das Internet oder der elektronischen Speicherung vollkommen sicher, und wir k\u00f6nnen keine absolute Sicherheit garantieren.<\/p>\n<p>Datenschutz f\u00fcr Kinder<br>\nNoBell ist nicht f\u00fcr Benutzer unter 13 Jahren bestimmt. Wir sammeln oder erbitten nicht wissentlich pers\u00f6nliche Daten von Kindern. Wenn Sie glauben, dass wir personenbezogene Daten von einem Kind unter 13 Jahren erfasst haben, kontaktieren Sie uns bitte, und wir werden umgehend Schritte unternehmen, um die Daten zu entfernen.<\/p>\n<p><strong><\/p>\n<h2>\u00c4nderungen an dieser Datenschutzrichtlinie<\/h2>\n<p><\/strong><br>\nWir k\u00f6nnen diese Datenschutzrichtlinie aktualisieren, um \u00c4nderungen unserer Praktiken widerzuspiegeln oder aus anderen betrieblichen, rechtlichen oder regulatorischen Gr\u00fcnden. Wir empfehlen Ihnen, diese Datenschutzrichtlinie regelm\u00e4\u00dfig zu lesen, um sich dar\u00fcber zu informieren, wie wir Ihre Daten sch\u00fctzen.<\/p>\n<p><strong><\/p>\n<h2>Kontakt<\/strong><\/h2>\n<p>\nWenn Sie Fragen, Bedenken oder W\u00fcnsche in Bezug auf diese Datenschutzrichtlinie oder Ihre pers\u00f6nlichen Daten haben, kontaktieren Sie uns bitte unter contact@no-bell.com<\/p>\n<p>Durch die Nutzung von NoBell erkl\u00e4ren Sie sich mit den Bedingungen dieser Datenschutzrichtlinie einverstanden.<\/p>\n\n\t\t<\/div>\n\t\t\t\t\t<\/div>\n\n\t\n\n<\/div>\n\n\t\t<\/div>\n\n\t\t\n<style>\n#section_1228555109 {\n  padding-top: 30px;\n  padding-bottom: 30px;\n}\n#section_1228555109 .ux-shape-divider--top svg {\n  height: 150px;\n  --divider-top-width: 100%;\n}\n#section_1228555109 .ux-shape-divider--bottom svg {\n  height: 150px;\n  --divider-width: 100%;\n}\n<\/style>\n\t<\/section>\n\t\n\t<section class=\"section\" id=\"section_2142240543\">\n\t\t<div class=\"bg section-bg fill bg-fill  bg-loaded\" >\n\n\t\t\t\n\t\t\t<div class=\"section-bg-overlay absolute fill\"><\/div>\n\t\t\t\n\n\t\t<\/div>\n\n\t\t\n\n\t\t<div class=\"section-content relative\">\n\t\t\t\n\n\t<div id=\"gap-60056507\" class=\"gap-element clearfix\" style=\"display:block; height:auto;\">\n\t\t\n<style>\n#gap-60056507 {\n  padding-top: 20px;\n}\n<\/style>\n\t<\/div>\n\t\n\n<div class=\"row row-large\"  id=\"row-187803845\">\n\n\n\t<div id=\"col-517282883\" class=\"col medium-4 small-12 large-4\"  >\n\t\t\t\t<div class=\"col-inner\"  >\n\t\t\t\n\t\t\t\n\n<p><strong>NOBELL<\/strong><\/p>\n<p>Ihr intelligenter digitaler T\u00fcrklingel<\/p>\n<p>100 % kostenlos | Kein App-Download f\u00fcr G\u00e4ste | Anpassbar<\/p>\n<a rel=\"nofollow\" href=\"tel:+49%20178%201964809\" target=\"_self\" class=\"button primary is-link is-small\"  >\n  <i class=\"icon-phone\" aria-hidden=\"true\" ><\/i>  <span>Rufen Sie uns an<\/span>\n  <\/a>\n\n\n<a rel=\"nofollow\" href=\"mailto:hello@no-bell.com\" target=\"_self\" class=\"button primary is-link is-small\"  >\n  <i class=\"icon-envelop\" aria-hidden=\"true\" ><\/i>  <span>Schreiben Sie uns<\/span>\n  <\/a>\n\n\n\n\t\t<\/div>\n\t\t\t\t\n<style>\n#col-517282883 > .col-inner {\n  padding: 0px 10px 0px 20px;\n}\n<\/style>\n\t<\/div>\n\n\t\n\n\t<div id=\"col-273016038\" class=\"col medium-4 small-12 large-4\"  >\n\t\t\t\t<div class=\"col-inner\"  >\n\t\t\t\n\t\t\t\n\n<div class=\"row row-collapse\"  id=\"row-1797772782\">\n\n\n\t<div id=\"col-1769843253\" class=\"col medium-11 small-12 large-11\"  >\n\t\t\t\t<div class=\"col-inner\"  >\n\t\t\t\n\t\t\t\n\n\t<div id=\"text-2068219766\" class=\"text\">\n\t\t\n\n<p><strong>Zus\u00e4tzliche Informationen<\/strong><\/p>\n<ul>\n<li class=\"bullet-arrow\"><span style=\"font-size: 90%;\"><a href=\"https:\/\/no-bell.com\/de\/datenschutzerklaerung\/\">Datenschutzerkl\u00e4rung<\/a><\/span><\/li>\n<li class=\"bullet-arrow\"><a href=\"https:\/\/no-bell.com\/de\/impressum\/\"><span style=\"font-size: 90%;\">Impressum<\/span><\/a><\/li>\n<li class=\"bullet-arrow\"><a href=\"https:\/\/no-bell.com\/de\/konto-loeschung\/\"><span style=\"font-size: 90%;\">Konto l\u00f6schen<\/span><\/a><\/li>\n<\/ul>\n\t\t\n<style>\n#text-2068219766 {\n  color: rgb(0,0,0);\n}\n#text-2068219766 > * {\n  color: rgb(0,0,0);\n}\n<\/style>\n\t<\/div>\n\t\n\n\t\t<\/div>\n\t\t\t\t\t<\/div>\n\n\t\n\n<\/div>\n\n\t\t<\/div>\n\t\t\t\t\n<style>\n#col-273016038 > .col-inner {\n  padding: 0px 10px 0px 20px;\n}\n<\/style>\n\t<\/div>\n\n\t\n\n\t<div id=\"col-1541268245\" class=\"col medium-4 small-12 large-4\"  >\n\t\t\t\t<div class=\"col-inner\"  >\n\t\t\t\n\t\t\t\n\n<p><strong>App herunterladen<\/strong><\/p>\n\n<div class=\"row row-collapse row-full-width align-middle\"  id=\"row-155449856\">\n\n\n\t<div id=\"col-1633242357\" class=\"col medium-6 small-6 large-6\"  >\n\t\t\t\t<div class=\"col-inner text-left\"  >\n\t\t\t\n\t\t\t\n\n\t<div class=\"img has-hover x md-x lg-x y md-y lg-y\" id=\"image_106972426\">\n\t\t<a class=\"\" href=\"https:\/\/apps.apple.com\/us\/app\/nobell\/id6475811549\" target=\"_blank\" rel=\"nofollow noopener noreferrer\" >\t\t\t\t\t\t<div class=\"img-inner dark\" >\n\t\t\t<img loading=\"lazy\" decoding=\"async\" width=\"1\" height=\"1\" src=\"https:\/\/www.no-bell.com\/wp-content\/uploads\/2024\/03\/Download_on_the_App_Store_Badge_DE_RGB_blk_092917.svg\" class=\"attachment-large size-large\" alt=\"\" \/>\t\t\t\t\t\t\n\t\t\t\t\t<\/div>\n\t\t\t\t\t\t<\/a>\t\t\n<style>\n#image_106972426 {\n  width: 88%;\n}\n<\/style>\n\t<\/div>\n\t\n\n\n\t\t<\/div>\n\t\t\t\t\t<\/div>\n\n\t\n\n\t<div id=\"col-1052077367\" class=\"col medium-6 small-6 large-6\"  >\n\t\t\t\t<div class=\"col-inner\"  >\n\t\t\t\n\t\t\t\n\n\t<div class=\"img has-hover x md-x lg-x y md-y lg-y\" id=\"image_1055324319\">\n\t\t<a class=\"\" href=\"https:\/\/play.google.com\/store\/apps\/details?id=com.nobell.app\" target=\"_blank\" rel=\"nofollow noopener noreferrer\" >\t\t\t\t\t\t<div class=\"img-inner dark\" style=\"margin:0px 0px 0px 0px;\">\n\t\t\t<img loading=\"lazy\" decoding=\"async\" width=\"646\" height=\"250\" src=\"https:\/\/www.no-bell.com\/wp-content\/uploads\/2024\/03\/google-play-badge-de.png\" class=\"attachment-large size-large\" alt=\"\" srcset=\"https:\/\/www.no-bell.com\/wp-content\/uploads\/2024\/03\/google-play-badge-de.png 646w, https:\/\/www.no-bell.com\/wp-content\/uploads\/2024\/03\/google-play-badge-de-300x116.png 300w, https:\/\/www.no-bell.com\/wp-content\/uploads\/2024\/03\/google-play-badge-de-600x232.png 600w\" sizes=\"auto, (max-width: 646px) 100vw, 646px\" \/>\t\t\t\t\t\t\n\t\t\t\t\t<\/div>\n\t\t\t\t\t\t<\/a>\t\t\n<style>\n#image_1055324319 {\n  width: 100%;\n}\n<\/style>\n\t<\/div>\n\t\n\n\n\t\t<\/div>\n\t\t\t\t\t<\/div>\n\n\t\n\n<\/div>\n\n\t\t<\/div>\n\t\t\t\t\n<style>\n#col-1541268245 > .col-inner {\n  padding: 0px 10px 0px 20px;\n}\n<\/style>\n\t<\/div>\n\n\t\n\n<\/div>\n\n\t\t<\/div>\n\n\t\t\n<style>\n#section_2142240543 {\n  padding-top: 30px;\n  padding-bottom: 30px;\n  background-color: rgba(219, 222, 226, 0.355);\n}\n#section_2142240543 .section-bg-overlay {\n  background-color: rgba(255,255,255,.5);\n}\n#section_2142240543 .ux-shape-divider--top svg {\n  height: 150px;\n  --divider-top-width: 100%;\n}\n#section_2142240543 .ux-shape-divider--bottom svg {\n  height: 150px;\n  --divider-width: 100%;\n}\n<\/style>\n\t<\/section>\n\t\n\t<section class=\"section dark\" id=\"section_1346359566\">\n\t\t<div class=\"bg section-bg fill bg-fill  bg-loaded\" >\n\n\t\t\t\n\t\t\t\n\t\t\t\n\n\t\t<\/div>\n\n\t\t\n\n\t\t<div class=\"section-content relative\">\n\t\t\t\n\n<div class=\"row row-collapse\"  id=\"row-1412870185\">\n\n\n\t<div id=\"col-1483294244\" class=\"col small-12 large-12\"  >\n\t\t\t\t<div class=\"col-inner text-center\"  >\n\t\t\t\n\t\t\t\n\n<div class=\"row row-collapse align-middle\"  id=\"row-1919834656\">\n\n\n\t<div id=\"col-130188114\" class=\"col medium-6 small-6 large-6 medium-col-first\"  >\n\t\t\t\t<div class=\"col-inner text-left\"  >\n\t\t\t\n\t\t\t\n\n<div class=\"social-icons follow-icons full-width text-center\" style=\"font-size:110%\"><a href=\"https:\/\/www.instagram.com\/call_the_service\/\" target=\"_blank\" rel=\"noopener noreferrer nofollow\" data-label=\"Instagram\" class=\"icon plain  instagram tooltip\" title=\"Folge uns auf Instagram\" aria-label=\"Folge uns auf Instagram\"><i class=\"icon-instagram\" ><\/i><\/a><a href=\"https:\/\/www.linkedin.com\/company\/98721768\/\" target=\"_blank\" rel=\"noopener noreferrer nofollow\" data-label=\"LinkedIn\" class=\"icon plain  linkedin tooltip\" title=\"Follow on LinkedIn\" aria-label=\"Follow on LinkedIn\"><i class=\"icon-linkedin\" ><\/i><\/a><a href=\"https:\/\/www.youtube.com\/@CallTheService\" target=\"_blank\" rel=\"noopener noreferrer nofollow\" data-label=\"YouTube\" class=\"icon plain  youtube tooltip\" title=\"Folge uns auf Youtube\" aria-label=\"Folge uns auf Youtube\"><i class=\"icon-youtube\" ><\/i><\/a><\/div>\n\n\n\t\t<\/div>\n\t\t\t\t\t<\/div>\n\n\t\n\n\t<div id=\"col-1001929298\" class=\"col medium-12 small-12 large-6\"  >\n\t\t\t\t<div class=\"col-inner text-center\"  >\n\t\t\t\n\t\t\t\n\n<p>\u00a9 2026 NOBELL<\/p>\n\n\t\t<\/div>\n\t\t\t\t\t<\/div>\n\n\t\n\n\n<style>\n#row-1919834656 > .col > .col-inner {\n  padding: 0px 0px 10px 0px;\n}\n@media (min-width:850px) {\n  #row-1919834656 > .col > .col-inner {\n    padding: 0 0px 0px 0px;\n  }\n}\n<\/style>\n<\/div>\n\n\t\t<\/div>\n\t\t\t\t\t<\/div>\n\n\t\n\n<\/div>\n\n\t\t<\/div>\n\n\t\t\n<style>\n#section_1346359566 {\n  padding-top: 10px;\n  padding-bottom: 10px;\n  background-color: rgb(0,0,0);\n}\n#section_1346359566 .ux-shape-divider--top svg {\n  height: 150px;\n  --divider-top-width: 100%;\n}\n#section_1346359566 .ux-shape-divider--bottom svg {\n  height: 150px;\n  --divider-width: 100%;\n}\n<\/style>\n\t<\/section>\n\t\n\n\n","protected":false},"excerpt":{"rendered":"","protected":false},"author":10,"featured_media":0,"parent":0,"menu_order":0,"comment_status":"closed","ping_status":"closed","template":"page-blank.php","meta":{"footnotes":""},"class_list":["post-2819","page","type-page","status-publish","hentry"],"yoast_head":"<!-- This site is optimized with the Yoast SEO plugin v22.3 - https:\/\/yoast.com\/wordpress\/plugins\/seo\/ -->\n<title>Datenschutzerkl\u00e4rung - NOBELL<\/title>\n<meta name=\"robots\" content=\"index, follow, max-snippet:-1, max-image-preview:large, max-video-preview:-1\" \/>\n<link rel=\"canonical\" href=\"https:\/\/www.no-bell.com\/de\/datenschutzerklaerung\/\" \/>\n<meta property=\"og:locale\" content=\"de_DE\" \/>\n<meta property=\"og:type\" content=\"article\" \/>\n<meta property=\"og:title\" content=\"Datenschutzerkl\u00e4rung - NOBELL\" \/>\n<meta property=\"og:url\" content=\"https:\/\/www.no-bell.com\/de\/datenschutzerklaerung\/\" \/>\n<meta property=\"og:site_name\" content=\"NOBELL\" \/>\n<meta property=\"article:modified_time\" content=\"2024-03-12T13:10:08+00:00\" \/>\n<meta name=\"twitter:card\" content=\"summary_large_image\" \/>\n<meta name=\"twitter:label1\" content=\"Gesch\u00e4tzte Lesezeit\" \/>\n\t<meta name=\"twitter:data1\" content=\"2\u00a0Minuten\" \/>\n<script type=\"application\/ld+json\" class=\"yoast-schema-graph\">{\"@context\":\"https:\/\/schema.org\",\"@graph\":[{\"@type\":\"WebPage\",\"@id\":\"https:\/\/www.no-bell.com\/de\/datenschutzerklaerung\/\",\"url\":\"https:\/\/www.no-bell.com\/de\/datenschutzerklaerung\/\",\"name\":\"Datenschutzerkl\u00e4rung - NOBELL\",\"isPartOf\":{\"@id\":\"https:\/\/www.no-bell.com\/de\/#website\"},\"datePublished\":\"2024-02-08T10:41:33+00:00\",\"dateModified\":\"2024-03-12T13:10:08+00:00\",\"breadcrumb\":{\"@id\":\"https:\/\/www.no-bell.com\/de\/datenschutzerklaerung\/#breadcrumb\"},\"inLanguage\":\"de\",\"potentialAction\":[{\"@type\":\"ReadAction\",\"target\":[\"https:\/\/www.no-bell.com\/de\/datenschutzerklaerung\/\"]}]},{\"@type\":\"BreadcrumbList\",\"@id\":\"https:\/\/www.no-bell.com\/de\/datenschutzerklaerung\/#breadcrumb\",\"itemListElement\":[{\"@type\":\"ListItem\",\"position\":1,\"name\":\"Home\",\"item\":\"https:\/\/www.no-bell.com\/de\/\"},{\"@type\":\"ListItem\",\"position\":2,\"name\":\"Datenschutzerkl\u00e4rung\"}]},{\"@type\":\"WebSite\",\"@id\":\"https:\/\/www.no-bell.com\/de\/#website\",\"url\":\"https:\/\/www.no-bell.com\/de\/\",\"name\":\"NOBELL\",\"description\":\"Digital Bell &amp; Key\",\"potentialAction\":[{\"@type\":\"SearchAction\",\"target\":{\"@type\":\"EntryPoint\",\"urlTemplate\":\"https:\/\/www.no-bell.com\/de\/?s={search_term_string}\"},\"query-input\":\"required name=search_term_string\"}],\"inLanguage\":\"de\"}]}<\/script>\n<!-- \/ Yoast SEO plugin. -->","yoast_head_json":{"title":"Datenschutzerkl\u00e4rung - NOBELL","robots":{"index":"index","follow":"follow","max-snippet":"max-snippet:-1","max-image-preview":"max-image-preview:large","max-video-preview":"max-video-preview:-1"},"canonical":"https:\/\/www.no-bell.com\/de\/datenschutzerklaerung\/","og_locale":"de_DE","og_type":"article","og_title":"Datenschutzerkl\u00e4rung - NOBELL","og_url":"https:\/\/www.no-bell.com\/de\/datenschutzerklaerung\/","og_site_name":"NOBELL","article_modified_time":"2024-03-12T13:10:08+00:00","twitter_card":"summary_large_image","twitter_misc":{"Gesch\u00e4tzte Lesezeit":"2\u00a0Minuten"},"schema":{"@context":"https:\/\/schema.org","@graph":[{"@type":"WebPage","@id":"https:\/\/www.no-bell.com\/de\/datenschutzerklaerung\/","url":"https:\/\/www.no-bell.com\/de\/datenschutzerklaerung\/","name":"Datenschutzerkl\u00e4rung - NOBELL","isPartOf":{"@id":"https:\/\/www.no-bell.com\/de\/#website"},"datePublished":"2024-02-08T10:41:33+00:00","dateModified":"2024-03-12T13:10:08+00:00","breadcrumb":{"@id":"https:\/\/www.no-bell.com\/de\/datenschutzerklaerung\/#breadcrumb"},"inLanguage":"de","potentialAction":[{"@type":"ReadAction","target":["https:\/\/www.no-bell.com\/de\/datenschutzerklaerung\/"]}]},{"@type":"BreadcrumbList","@id":"https:\/\/www.no-bell.com\/de\/datenschutzerklaerung\/#breadcrumb","itemListElement":[{"@type":"ListItem","position":1,"name":"Home","item":"https:\/\/www.no-bell.com\/de\/"},{"@type":"ListItem","position":2,"name":"Datenschutzerkl\u00e4rung"}]},{"@type":"WebSite","@id":"https:\/\/www.no-bell.com\/de\/#website","url":"https:\/\/www.no-bell.com\/de\/","name":"NOBELL","description":"Digital Bell &amp; Key","potentialAction":[{"@type":"SearchAction","target":{"@type":"EntryPoint","urlTemplate":"https:\/\/www.no-bell.com\/de\/?s={search_term_string}"},"query-input":"required name=search_term_string"}],"inLanguage":"de"}]}},"_links":{"self":[{"href":"https:\/\/www.no-bell.com\/de\/wp-json\/wp\/v2\/pages\/2819","targetHints":{"allow":["GET"]}}],"collection":[{"href":"https:\/\/www.no-bell.com\/de\/wp-json\/wp\/v2\/pages"}],"about":[{"href":"https:\/\/www.no-bell.com\/de\/wp-json\/wp\/v2\/types\/page"}],"author":[{"embeddable":true,"href":"https:\/\/www.no-bell.com\/de\/wp-json\/wp\/v2\/users\/10"}],"replies":[{"embeddable":true,"href":"https:\/\/www.no-bell.com\/de\/wp-json\/wp\/v2\/comments?post=2819"}],"version-history":[{"count":7,"href":"https:\/\/www.no-bell.com\/de\/wp-json\/wp\/v2\/pages\/2819\/revisions"}],"predecessor-version":[{"id":3439,"href":"https:\/\/www.no-bell.com\/de\/wp-json\/wp\/v2\/pages\/2819\/revisions\/3439"}],"wp:attachment":[{"href":"https:\/\/www.no-bell.com\/de\/wp-json\/wp\/v2\/media?parent=2819"}],"curies":[{"name":"wp","href":"https:\/\/api.w.org\/{rel}","templated":true}]}}