{"id":2827,"date":"2024-02-08T11:41:33","date_gmt":"2024-02-08T10:41:33","guid":{"rendered":"https:\/\/no-bell.com\/politica-de-privacidad\/"},"modified":"2024-03-12T14:10:29","modified_gmt":"2024-03-12T13:10:29","slug":"politica-de-privacidad","status":"publish","type":"page","link":"https:\/\/www.no-bell.com\/es\/politica-de-privacidad\/","title":{"rendered":"Pol\u00edtica de privacidad"},"content":{"rendered":"\n\t<section class=\"section\" id=\"section_1068182521\">\n\t\t<div class=\"bg section-bg fill bg-fill  bg-loaded\" >\n\n\t\t\t\n\t\t\t\n\t\t\t\n\n\t\t<\/div>\n\n\t\t\n\n\t\t<div class=\"section-content relative\">\n\t\t\t\n\n<div class=\"row\"  id=\"row-653402507\">\n\n\n\t<div id=\"col-933152246\" class=\"col small-12 large-12\"  >\n\t\t\t\t<div class=\"col-inner\"  >\n\t\t\t\n\t\t\t\n\n\t<div id=\"text-2621567562\" class=\"text\">\n\t\t\n\n<h1>Pol\u00edtica de privacidad<\/h1>\n\t\t\n<style>\n#text-2621567562 {\n  text-align: center;\n}\n<\/style>\n\t<\/div>\n\t\n<p><strong>Fecha de entrada en vigor:<\/strong> 1 de noviembre de 2023<\/p>\n<p><strong><\/p>\n<h2>Introducci\u00f3n<\/h2>\n<p><\/strong><br>\nNoBell se compromete a proteger la privacidad y seguridad de su informaci\u00f3n personal. La presente Pol\u00edtica de Privacidad explica c\u00f3mo recogemos, utilizamos y protegemos sus datos cuando utiliza nuestras aplicaciones m\u00f3viles y web (&#8220;NoBell&#8221;). Al utilizar NoBell, usted acepta las pr\u00e1cticas descritas en esta Pol\u00edtica de privacidad.<\/p>\n<p><strong><\/p>\n<h2>Informaci\u00f3n que recopilamos<\/h2>\n<p><\/strong><\/p>\n<ul class=\"list-disc list-inside\">\n<li><strong>Informaci\u00f3n facilitada por el usuario:<\/strong> Podemos recopilar la informaci\u00f3n personal que proporcione al utilizar NoBell, como su nombre, direcci\u00f3n de correo electr\u00f3nico y otra informaci\u00f3n de contacto, as\u00ed como cualquier mensaje, grabaci\u00f3n de voz o contenido de v\u00eddeo que env\u00ede o reciba a trav\u00e9s de NoBell.<\/li>\n<li><strong>Informaci\u00f3n recopilada autom\u00e1ticamente:<\/strong> Cuando utiliza NoBellthe App, podemos recopilar autom\u00e1ticamente cierta informaci\u00f3n, incluida la informaci\u00f3n del dispositivo, las estad\u00edsticas de uso y los registros, con fines de funcionalidad y an\u00e1lisis de la app.<\/li>\n<\/ul>\n<p><strong><\/p>\n<h2>C\u00f3mo utilizamos su informaci\u00f3n<\/h2>\n<p><\/strong><br>\nUtilizamos la informaci\u00f3n recopilada para:<\/p>\n<ul class=\"list-disc list-inside\">\n<li>Proporcionar y mejorar los servicios, caracter\u00edsticas y funcionalidad de NoBell.<\/li>\n<li>Facilitar la comunicaci\u00f3n entre los residentes y las personas\/hu\u00e9spedes entrantes.<\/li>\n<li>Env\u00eda notificaciones importantes, actualizaciones y mensajes de asistencia.<\/li>\n<li>Garantizar la seguridad e integridad de nuestros servicios.<\/li>\n<li>Analizar el comportamiento y las preferencias de los usuarios para mejorar su experiencia.<\/li>\n<\/ul>\n<p> <\/p>\n<h2><strong>Compartir su informaci\u00f3n<\/strong><\/h2>\n<p>\nNo vendemos, comerciamos ni transferimos de ning\u00fan otro modo su informaci\u00f3n personal a terceros. Sin embargo, podemos compartir su informaci\u00f3n en las siguientes situaciones:<\/p>\n<p><b>Con otros usuarios: <\/b>NoBell permite a residentes e invitados intercambiar informaci\u00f3n, mensajes y videollamadas.<br>\n<b>Con proveedores de servicios:<\/b> Podemos compartir su informaci\u00f3n con terceros proveedores de servicios que ayudan en el funcionamiento y mantenimiento de NoBell.<br>\n<b>Con fines legales:<\/b> Podemos divulgar su informaci\u00f3n para cumplir con obligaciones legales, proteger nuestros derechos y abordar problemas t\u00e9cnicos o de seguridad.<br>\n<strong><\/p>\n<h2>Seguridad de los datos<\/h2>\n<p><\/strong><br>\nTomamos medidas razonables para proteger su informaci\u00f3n contra el acceso, la divulgaci\u00f3n, la alteraci\u00f3n o la destrucci\u00f3n no autorizados. Aunque nos esforzamos por proteger su informaci\u00f3n personal, ning\u00fan m\u00e9todo de transmisi\u00f3n por Internet o de almacenamiento electr\u00f3nico es completamente seguro, y no podemos garantizar su seguridad absoluta.<\/p>\n<p>Privacidad infantil<br>\nNoBell no est\u00e1 destinado a usuarios menores de 13 a\u00f1os. No recopilamos ni solicitamos conscientemente informaci\u00f3n personal de ni\u00f1os. Si cree que hemos recopilado informaci\u00f3n personal de un ni\u00f1o menor de 13 a\u00f1os, p\u00f3ngase en contacto con nosotros y tomaremos las medidas oportunas para eliminar dicha informaci\u00f3n.<\/p>\n<p><strong><\/p>\n<h2>Cambios en esta pol\u00edtica de privacidad<\/h2>\n<p><\/strong><br>\nPodemos actualizar esta Pol\u00edtica de Privacidad para reflejar cambios en nuestras pr\u00e1cticas o por otras razones operativas, legales o reglamentarias. Le recomendamos que revise peri\u00f3dicamente esta Pol\u00edtica de Privacidad para mantenerse informado sobre c\u00f3mo protegemos sus datos.<\/p>\n<p><strong><\/p>\n<h2>Contacte con nosotros<\/strong><\/h2>\n<p>\nSi tiene alguna pregunta, duda o solicitud relacionada con esta Pol\u00edtica de privacidad o con su informaci\u00f3n personal, p\u00f3ngase en contacto con nosotros en contact@no-bell.com.<\/p>\n<p>Al utilizar NoBell, usted acepta los t\u00e9rminos y condiciones de esta Pol\u00edtica de privacidad.<\/p>\n\n\t\t<\/div>\n\t\t\t\t\t<\/div>\n\n\t\n\n<\/div>\n\n\t\t<\/div>\n\n\t\t\n<style>\n#section_1068182521 {\n  padding-top: 30px;\n  padding-bottom: 30px;\n}\n#section_1068182521 .ux-shape-divider--top svg {\n  height: 150px;\n  --divider-top-width: 100%;\n}\n#section_1068182521 .ux-shape-divider--bottom svg {\n  height: 150px;\n  --divider-width: 100%;\n}\n<\/style>\n\t<\/section>\n\t\n\t<section class=\"section\" id=\"section_1531914971\">\n\t\t<div class=\"bg section-bg fill bg-fill  bg-loaded\" >\n\n\t\t\t\n\t\t\t<div class=\"section-bg-overlay absolute fill\"><\/div>\n\t\t\t\n\n\t\t<\/div>\n\n\t\t\n\n\t\t<div class=\"section-content relative\">\n\t\t\t\n\n\t<div id=\"gap-557155667\" class=\"gap-element clearfix\" style=\"display:block; height:auto;\">\n\t\t\n<style>\n#gap-557155667 {\n  padding-top: 20px;\n}\n<\/style>\n\t<\/div>\n\t\n\n<div class=\"row row-large\"  id=\"row-449723214\">\n\n\n\t<div id=\"col-1022991702\" class=\"col medium-4 small-12 large-4\"  >\n\t\t\t\t<div class=\"col-inner\"  >\n\t\t\t\n\t\t\t\n\n<p><strong>NOBELL<\/strong><br>\n<br><br>\nSu timbre digital inteligente<\/p>\n<p>100% gratuito | Sin descarga de aplicaci\u00f3n para los invitados | Personalizable<\/p>\n<a rel=\"nofollow\" href=\"tel:+49%20178%201964809\" target=\"_self\" class=\"button primary is-link is-small\"  >\n  <i class=\"icon-phone\" aria-hidden=\"true\" ><\/i>  <span>Ll\u00e1manos<\/span>\n  <\/a>\n\n\n<a rel=\"nofollow\" href=\"mailto:hello@no-bell.com\" target=\"_self\" class=\"button primary is-link is-small\"  >\n  <i class=\"icon-envelop\" aria-hidden=\"true\" ><\/i>  <span>Env\u00edenos un correo electr\u00f3nico<\/span>\n  <\/a>\n\n\n\n\t\t<\/div>\n\t\t\t\t\n<style>\n#col-1022991702 > .col-inner {\n  padding: 0px 10px 0px 20px;\n}\n<\/style>\n\t<\/div>\n\n\t\n\n\t<div id=\"col-1508701322\" class=\"col medium-4 small-12 large-4\"  >\n\t\t\t\t<div class=\"col-inner\"  >\n\t\t\t\n\t\t\t\n\n<div class=\"row row-collapse\"  id=\"row-1844860935\">\n\n\n\t<div id=\"col-493820753\" class=\"col medium-11 small-12 large-11\"  >\n\t\t\t\t<div class=\"col-inner\"  >\n\t\t\t\n\t\t\t\n\n\t<div id=\"text-3199827796\" class=\"text\">\n\t\t\n\n<p><strong>Informaci\u00f3n adicional<\/strong><\/p>\n<ul>\n<li class=\"bullet-arrow\"><span style=\"font-size: 90%;\"><a href=\"https:\/\/no-bell.com\/privacy-policy\/\">Pol\u00edtica de privacidad<\/a><\/span><\/li>\n<li class=\"bullet-arrow\"><a href=\"https:\/\/no-bell.com\/imprint\/\"><span style=\"font-size: 90%;\">Menciones legales<\/span><\/a><\/li>\n<li class=\"bullet-arrow\"><a href=\"https:\/\/no-bell.com\/account-deletion\/\"><span style=\"font-size: 90%;\">Eliminaci\u00f3n de cuentas<\/span><\/a><\/li>\n<\/ul>\n\t\t\n<style>\n#text-3199827796 {\n  color: rgb(0,0,0);\n}\n#text-3199827796 > * {\n  color: rgb(0,0,0);\n}\n<\/style>\n\t<\/div>\n\t\n\n\t\t<\/div>\n\t\t\t\t\t<\/div>\n\n\t\n\n<\/div>\n\n\t\t<\/div>\n\t\t\t\t\n<style>\n#col-1508701322 > .col-inner {\n  padding: 0px 10px 0px 20px;\n}\n<\/style>\n\t<\/div>\n\n\t\n\n\t<div id=\"col-2113482861\" class=\"col medium-4 small-12 large-4\"  >\n\t\t\t\t<div class=\"col-inner\"  >\n\t\t\t\n\t\t\t\n\n<p><strong>Descargar la aplicaci\u00f3n<\/strong><\/p>\n<div class=\"row row-collapse row-full-width align-middle\"  id=\"row-1446856385\">\n\n\n\t<div id=\"col-1524722769\" class=\"col medium-6 small-6 large-6\"  >\n\t\t\t\t<div class=\"col-inner text-left\"  >\n\t\t\t\n\t\t\t\n\n\t<div class=\"img has-hover x md-x lg-x y md-y lg-y\" id=\"image_765188533\">\n\t\t<a class=\"\" href=\"https:\/\/apps.apple.com\/us\/app\/nobell\/id6475811549\" target=\"_blank\" rel=\"nofollow noopener noreferrer\" >\t\t\t\t\t\t<div class=\"img-inner dark\" >\n\t\t\t<img loading=\"lazy\" decoding=\"async\" width=\"1\" height=\"1\" src=\"https:\/\/www.no-bell.com\/wp-content\/uploads\/2024\/03\/Download_on_the_App_Store_Badge_US-UK_RGB_blk_092917.svg\" class=\"attachment-large size-large\" alt=\"\" \/>\t\t\t\t\t\t\n\t\t\t\t\t<\/div>\n\t\t\t\t\t\t<\/a>\t\t\n<style>\n#image_765188533 {\n  width: 88%;\n}\n<\/style>\n\t<\/div>\n\t\n\n\n\t\t<\/div>\n\t\t\t\t\t<\/div>\n\n\t\n\n\t<div id=\"col-202544652\" class=\"col medium-6 small-6 large-6\"  >\n\t\t\t\t<div class=\"col-inner\"  >\n\t\t\t\n\t\t\t\n\n\t<div class=\"img has-hover x md-x lg-x y md-y lg-y\" id=\"image_1769947517\">\n\t\t<a class=\"\" href=\"https:\/\/play.google.com\/store\/apps\/details?id=com.nobell.app\" target=\"_blank\" rel=\"nofollow noopener noreferrer\" >\t\t\t\t\t\t<div class=\"img-inner dark\" style=\"margin:0px 0px 0px 0px;\">\n\t\t\t<img loading=\"lazy\" decoding=\"async\" width=\"1020\" height=\"347\" src=\"https:\/\/www.no-bell.com\/wp-content\/uploads\/2024\/03\/google-play-badge-1024x348.png\" class=\"attachment-large size-large\" alt=\"\" srcset=\"https:\/\/www.no-bell.com\/wp-content\/uploads\/2024\/03\/google-play-badge-1024x348.png 1024w, https:\/\/www.no-bell.com\/wp-content\/uploads\/2024\/03\/google-play-badge-300x102.png 300w, https:\/\/www.no-bell.com\/wp-content\/uploads\/2024\/03\/google-play-badge-768x261.png 768w, https:\/\/www.no-bell.com\/wp-content\/uploads\/2024\/03\/google-play-badge-600x204.png 600w, https:\/\/www.no-bell.com\/wp-content\/uploads\/2024\/03\/google-play-badge.png 1099w\" sizes=\"auto, (max-width: 1020px) 100vw, 1020px\" \/>\t\t\t\t\t\t\n\t\t\t\t\t<\/div>\n\t\t\t\t\t\t<\/a>\t\t\n<style>\n#image_1769947517 {\n  width: 100%;\n}\n<\/style>\n\t<\/div>\n\t\n\n\n\t\t<\/div>\n\t\t\t\t\t<\/div>\n\n\t\n\n<\/div>\n\n\t\t<\/div>\n\t\t\t\t\n<style>\n#col-2113482861 > .col-inner {\n  padding: 0px 10px 0px 20px;\n}\n<\/style>\n\t<\/div>\n\n\t\n\n<\/div>\n\n\t\t<\/div>\n\n\t\t\n<style>\n#section_1531914971 {\n  padding-top: 30px;\n  padding-bottom: 30px;\n  background-color: rgba(219, 222, 226, 0.355);\n}\n#section_1531914971 .section-bg-overlay {\n  background-color: rgba(255,255,255,.5);\n}\n#section_1531914971 .ux-shape-divider--top svg {\n  height: 150px;\n  --divider-top-width: 100%;\n}\n#section_1531914971 .ux-shape-divider--bottom svg {\n  height: 150px;\n  --divider-width: 100%;\n}\n<\/style>\n\t<\/section>\n\t\n\t<section class=\"section dark\" id=\"section_1914246959\">\n\t\t<div class=\"bg section-bg fill bg-fill  bg-loaded\" >\n\n\t\t\t\n\t\t\t\n\t\t\t\n\n\t\t<\/div>\n\n\t\t\n\n\t\t<div class=\"section-content relative\">\n\t\t\t\n\n<div class=\"row row-collapse\"  id=\"row-536359305\">\n\n\n\t<div id=\"col-1798577314\" class=\"col small-12 large-12\"  >\n\t\t\t\t<div class=\"col-inner text-center\"  >\n\t\t\t\n\t\t\t\n\n<div class=\"row row-collapse align-middle\"  id=\"row-1627256424\">\n\n\n\t<div id=\"col-663131189\" class=\"col medium-6 small-6 large-6 medium-col-first\"  >\n\t\t\t\t<div class=\"col-inner text-left\"  >\n\t\t\t\n\t\t\t\n\n<div class=\"social-icons follow-icons full-width text-center\" style=\"font-size:110%\"><a href=\"https:\/\/www.instagram.com\/call_the_service\/\" target=\"_blank\" rel=\"noopener noreferrer nofollow\" data-label=\"Instagram\" class=\"icon plain  instagram tooltip\" title=\"S\u00edguenos en Instagram\" aria-label=\"S\u00edguenos en Instagram\"><i class=\"icon-instagram\" ><\/i><\/a><a href=\"https:\/\/www.linkedin.com\/company\/98721768\/\" target=\"_blank\" rel=\"noopener noreferrer nofollow\" data-label=\"LinkedIn\" class=\"icon plain  linkedin tooltip\" title=\"Follow on LinkedIn\" aria-label=\"Follow on LinkedIn\"><i class=\"icon-linkedin\" ><\/i><\/a><a href=\"https:\/\/www.youtube.com\/@CallTheService\" target=\"_blank\" rel=\"noopener noreferrer nofollow\" data-label=\"YouTube\" class=\"icon plain  youtube tooltip\" title=\"S\u00edguenos en Youtube\" aria-label=\"S\u00edguenos en Youtube\"><i class=\"icon-youtube\" ><\/i><\/a><\/div>\n\n\n\t\t<\/div>\n\t\t\t\t\t<\/div>\n\n\t\n\n\t<div id=\"col-1100733453\" class=\"col medium-12 small-12 large-6\"  >\n\t\t\t\t<div class=\"col-inner text-center\"  >\n\t\t\t\n\t\t\t\n\n<p>\u00a9 2026 NOBELL<\/p>\n\n\t\t<\/div>\n\t\t\t\t\t<\/div>\n\n\t\n\n\n<style>\n#row-1627256424 > .col > .col-inner {\n  padding: 0px 0px 10px 0px;\n}\n@media (min-width:850px) {\n  #row-1627256424 > .col > .col-inner {\n    padding: 0 0px 0px 0px;\n  }\n}\n<\/style>\n<\/div>\n\n\t\t<\/div>\n\t\t\t\t\t<\/div>\n\n\t\n\n<\/div>\n\n\t\t<\/div>\n\n\t\t\n<style>\n#section_1914246959 {\n  padding-top: 10px;\n  padding-bottom: 10px;\n  background-color: rgb(0,0,0);\n}\n#section_1914246959 .ux-shape-divider--top svg {\n  height: 150px;\n  --divider-top-width: 100%;\n}\n#section_1914246959 .ux-shape-divider--bottom svg {\n  height: 150px;\n  --divider-width: 100%;\n}\n<\/style>\n\t<\/section>\n\t\n\n\n","protected":false},"excerpt":{"rendered":"","protected":false},"author":10,"featured_media":0,"parent":0,"menu_order":0,"comment_status":"closed","ping_status":"closed","template":"page-blank.php","meta":{"footnotes":""},"class_list":["post-2827","page","type-page","status-publish","hentry"],"yoast_head":"<!-- This site is optimized with the Yoast SEO plugin v22.3 - https:\/\/yoast.com\/wordpress\/plugins\/seo\/ -->\n<title>Pol\u00edtica de privacidad - NOBELL<\/title>\n<meta name=\"robots\" content=\"index, follow, max-snippet:-1, max-image-preview:large, max-video-preview:-1\" \/>\n<link rel=\"canonical\" href=\"https:\/\/www.no-bell.com\/es\/politica-de-privacidad\/\" \/>\n<meta property=\"og:locale\" content=\"es_ES\" \/>\n<meta property=\"og:type\" content=\"article\" \/>\n<meta property=\"og:title\" content=\"Pol\u00edtica de privacidad - NOBELL\" \/>\n<meta property=\"og:url\" content=\"https:\/\/www.no-bell.com\/es\/politica-de-privacidad\/\" \/>\n<meta property=\"og:site_name\" content=\"NOBELL\" \/>\n<meta property=\"article:modified_time\" content=\"2024-03-12T13:10:29+00:00\" \/>\n<meta name=\"twitter:card\" content=\"summary_large_image\" \/>\n<meta name=\"twitter:label1\" content=\"Tiempo de lectura\" \/>\n\t<meta name=\"twitter:data1\" content=\"3 minutos\" \/>\n<script type=\"application\/ld+json\" class=\"yoast-schema-graph\">{\"@context\":\"https:\/\/schema.org\",\"@graph\":[{\"@type\":\"WebPage\",\"@id\":\"https:\/\/www.no-bell.com\/es\/politica-de-privacidad\/\",\"url\":\"https:\/\/www.no-bell.com\/es\/politica-de-privacidad\/\",\"name\":\"Pol\u00edtica de privacidad - NOBELL\",\"isPartOf\":{\"@id\":\"https:\/\/www.no-bell.com\/es\/#website\"},\"datePublished\":\"2024-02-08T10:41:33+00:00\",\"dateModified\":\"2024-03-12T13:10:29+00:00\",\"breadcrumb\":{\"@id\":\"https:\/\/www.no-bell.com\/es\/politica-de-privacidad\/#breadcrumb\"},\"inLanguage\":\"es\",\"potentialAction\":[{\"@type\":\"ReadAction\",\"target\":[\"https:\/\/www.no-bell.com\/es\/politica-de-privacidad\/\"]}]},{\"@type\":\"BreadcrumbList\",\"@id\":\"https:\/\/www.no-bell.com\/es\/politica-de-privacidad\/#breadcrumb\",\"itemListElement\":[{\"@type\":\"ListItem\",\"position\":1,\"name\":\"Home\",\"item\":\"https:\/\/www.no-bell.com\/es\/\"},{\"@type\":\"ListItem\",\"position\":2,\"name\":\"Pol\u00edtica de privacidad\"}]},{\"@type\":\"WebSite\",\"@id\":\"https:\/\/www.no-bell.com\/es\/#website\",\"url\":\"https:\/\/www.no-bell.com\/es\/\",\"name\":\"NOBELL\",\"description\":\"Digital Bell &amp; Key\",\"potentialAction\":[{\"@type\":\"SearchAction\",\"target\":{\"@type\":\"EntryPoint\",\"urlTemplate\":\"https:\/\/www.no-bell.com\/es\/?s={search_term_string}\"},\"query-input\":\"required name=search_term_string\"}],\"inLanguage\":\"es\"}]}<\/script>\n<!-- \/ Yoast SEO plugin. -->","yoast_head_json":{"title":"Pol\u00edtica de privacidad - NOBELL","robots":{"index":"index","follow":"follow","max-snippet":"max-snippet:-1","max-image-preview":"max-image-preview:large","max-video-preview":"max-video-preview:-1"},"canonical":"https:\/\/www.no-bell.com\/es\/politica-de-privacidad\/","og_locale":"es_ES","og_type":"article","og_title":"Pol\u00edtica de privacidad - NOBELL","og_url":"https:\/\/www.no-bell.com\/es\/politica-de-privacidad\/","og_site_name":"NOBELL","article_modified_time":"2024-03-12T13:10:29+00:00","twitter_card":"summary_large_image","twitter_misc":{"Tiempo de lectura":"3 minutos"},"schema":{"@context":"https:\/\/schema.org","@graph":[{"@type":"WebPage","@id":"https:\/\/www.no-bell.com\/es\/politica-de-privacidad\/","url":"https:\/\/www.no-bell.com\/es\/politica-de-privacidad\/","name":"Pol\u00edtica de privacidad - NOBELL","isPartOf":{"@id":"https:\/\/www.no-bell.com\/es\/#website"},"datePublished":"2024-02-08T10:41:33+00:00","dateModified":"2024-03-12T13:10:29+00:00","breadcrumb":{"@id":"https:\/\/www.no-bell.com\/es\/politica-de-privacidad\/#breadcrumb"},"inLanguage":"es","potentialAction":[{"@type":"ReadAction","target":["https:\/\/www.no-bell.com\/es\/politica-de-privacidad\/"]}]},{"@type":"BreadcrumbList","@id":"https:\/\/www.no-bell.com\/es\/politica-de-privacidad\/#breadcrumb","itemListElement":[{"@type":"ListItem","position":1,"name":"Home","item":"https:\/\/www.no-bell.com\/es\/"},{"@type":"ListItem","position":2,"name":"Pol\u00edtica de privacidad"}]},{"@type":"WebSite","@id":"https:\/\/www.no-bell.com\/es\/#website","url":"https:\/\/www.no-bell.com\/es\/","name":"NOBELL","description":"Digital Bell &amp; Key","potentialAction":[{"@type":"SearchAction","target":{"@type":"EntryPoint","urlTemplate":"https:\/\/www.no-bell.com\/es\/?s={search_term_string}"},"query-input":"required name=search_term_string"}],"inLanguage":"es"}]}},"_links":{"self":[{"href":"https:\/\/www.no-bell.com\/es\/wp-json\/wp\/v2\/pages\/2827","targetHints":{"allow":["GET"]}}],"collection":[{"href":"https:\/\/www.no-bell.com\/es\/wp-json\/wp\/v2\/pages"}],"about":[{"href":"https:\/\/www.no-bell.com\/es\/wp-json\/wp\/v2\/types\/page"}],"author":[{"embeddable":true,"href":"https:\/\/www.no-bell.com\/es\/wp-json\/wp\/v2\/users\/10"}],"replies":[{"embeddable":true,"href":"https:\/\/www.no-bell.com\/es\/wp-json\/wp\/v2\/comments?post=2827"}],"version-history":[{"count":4,"href":"https:\/\/www.no-bell.com\/es\/wp-json\/wp\/v2\/pages\/2827\/revisions"}],"predecessor-version":[{"id":3445,"href":"https:\/\/www.no-bell.com\/es\/wp-json\/wp\/v2\/pages\/2827\/revisions\/3445"}],"wp:attachment":[{"href":"https:\/\/www.no-bell.com\/es\/wp-json\/wp\/v2\/media?parent=2827"}],"curies":[{"name":"wp","href":"https:\/\/api.w.org\/{rel}","templated":true}]}}