{"id":2829,"date":"2024-02-08T10:38:50","date_gmt":"2024-02-08T09:38:50","guid":{"rendered":"https:\/\/no-bell.com\/suppression-de-compte\/"},"modified":"2024-03-12T13:30:01","modified_gmt":"2024-03-12T12:30:01","slug":"suppression-de-compte","status":"publish","type":"page","link":"https:\/\/www.no-bell.com\/fr\/suppression-de-compte\/","title":{"rendered":"Suppression de compte"},"content":{"rendered":"\n\t<section class=\"section dark\" id=\"section_606909819\">\n\t\t<div class=\"bg section-bg fill bg-fill  bg-loaded\" >\n\n\t\t\t\n\t\t\t\n\t\t\t\n\n\t\t<\/div>\n\n\t\t\n\n\t\t<div class=\"section-content relative\">\n\t\t\t\n\n<div class=\"row\"  id=\"row-139086332\">\n\n\n\t<div id=\"col-1984175551\" class=\"col small-12 large-12\"  >\n\t\t\t\t<div class=\"col-inner\"  >\n\t\t\t\n\t\t\t\n\n\t<div id=\"text-1619485616\" class=\"text\">\n\t\t\n\n<h2>Account Deletion<\/h2>\n\t\t\n<style>\n#text-1619485616 {\n  font-size: 1.45rem;\n  text-align: center;\n}\n<\/style>\n\t<\/div>\n\t\n\t<div id=\"text-3549541805\" class=\"text\">\n\t\t\n\n<p><strong>Question?<\/strong><br \/>\n&#8220;Is there a way for users to request the deletion of their account and associated data in NoBell? How can I do this, and what data will be deleted or kept?&#8221;<\/p>\n<p><strong>Answer:<\/strong><br \/>\nIn NoBell, we prioritize your data privacy and offer a simple process for account deletion. To request the deletion of your account and associated data, please follow these steps:<\/p>\n<p><strong>Open NoBell App.<\/strong><br \/>\nGo to the &#8216;Settings&#8217; or &#8216;Account&#8217; section in the app.<br \/>\nLook for the &#8216;Account Deletion&#8217; option.<br \/>\nClick or tap on it to initiate the account deletion process.<br \/>\nOnce you&#8217;ve requested account deletion, here&#8217;s what you can expect:<\/p>\n<p><strong>Data Deleted:<\/strong><br \/>\nPersonal information such as name, email address, and contact details.<br \/>\nUser-generated content, messages, and any associated files.<br \/>\nUsage history and logs.<br \/>\nAny other data that can directly identify you.<br \/>\n<strong>Data Kept:<\/strong><br \/>\nSome data may be retained for legal or operational purposes, such as transaction records or records required for security and fraud prevention.<br \/>\n<strong>Retention Period:<\/strong><br \/>\nThe data retained will be kept for a limited and necessary period as per legal requirements and operational needs. After this retention period, the data will be securely deleted.<\/p>\n<p>Your data&#8217;s security and your control over it are important to us. If you have any questions or need further assistance, please don&#8217;t hesitate to reach out to our support team at [Support Contact Information]. We&#8217;re here to help ensure your data privacy and account management are as smooth as possible.<\/p>\n\t\t\n<style>\n#text-3549541805 {\n  color: rgb(0,0,0);\n}\n#text-3549541805 > * {\n  color: rgb(0,0,0);\n}\n<\/style>\n\t<\/div>\n\t\n\n\t\t<\/div>\n\t\t\t\t\t<\/div>\n\n\t\n\n<\/div>\n\n\t\t<\/div>\n\n\t\t\n<style>\n#section_606909819 {\n  padding-top: 0px;\n  padding-bottom: 0px;\n  background-color: rgb(255, 255, 255);\n}\n#section_606909819 .ux-shape-divider--top svg {\n  height: 150px;\n  --divider-top-width: 100%;\n}\n#section_606909819 .ux-shape-divider--bottom svg {\n  height: 150px;\n  --divider-width: 100%;\n}\n<\/style>\n\t<\/section>\n\t\n\t<section class=\"section\" id=\"section_115942202\">\n\t\t<div class=\"bg section-bg fill bg-fill  bg-loaded\" >\n\n\t\t\t\n\t\t\t<div class=\"section-bg-overlay absolute fill\"><\/div>\n\t\t\t\n\n\t\t<\/div>\n\n\t\t\n\n\t\t<div class=\"section-content relative\">\n\t\t\t\n\n\t<div id=\"gap-61002053\" class=\"gap-element clearfix\" style=\"display:block; height:auto;\">\n\t\t\n<style>\n#gap-61002053 {\n  padding-top: 20px;\n}\n<\/style>\n\t<\/div>\n\t\n\n<div class=\"row row-large\"  id=\"row-482914107\">\n\n\n\t<div id=\"col-517681326\" class=\"col medium-4 small-12 large-4\"  >\n\t\t\t\t<div class=\"col-inner\"  >\n\t\t\t\n\t\t\t\n\n<p><strong>NOBELL<\/strong><br \/>\nVotre sonnette num\u00e9rique intelligente<\/p>\n<p>100 % gratuite | Aucun t\u00e9l\u00e9chargement d'application pour les invit\u00e9s | Personnalisable<\/p>\n<a rel=\"nofollow\" href=\"tel:+49%20178%201964809\" target=\"_self\" class=\"button primary is-link is-small\"  >\n  <i class=\"icon-phone\" aria-hidden=\"true\" ><\/i>  <span>Appelez-nous<\/span>\n  <\/a>\n\n\n<a rel=\"nofollow\" href=\"mailto:hello@no-bell.com\" target=\"_self\" class=\"button primary is-link is-small\"  >\n  <i class=\"icon-envelop\" aria-hidden=\"true\" ><\/i>  <span>Envoyez-nous un email<\/span>\n  <\/a>\n\n\n\n\t\t<\/div>\n\t\t\t\t\n<style>\n#col-517681326 > .col-inner {\n  padding: 0px 10px 0px 20px;\n}\n<\/style>\n\t<\/div>\n\n\t\n\n\t<div id=\"col-1781855651\" class=\"col medium-4 small-12 large-4\"  >\n\t\t\t\t<div class=\"col-inner\"  >\n\t\t\t\n\t\t\t\n\n<div class=\"row row-collapse\"  id=\"row-1464138661\">\n\n\n\t<div id=\"col-1838225143\" class=\"col medium-11 small-12 large-11\"  >\n\t\t\t\t<div class=\"col-inner\"  >\n\t\t\t\n\t\t\t\n\n\t<div id=\"text-3435012268\" class=\"text\">\n\t\t\n\n<p><strong>Informations suppl\u00e9mentaires<\/strong><\/p>\n<ul>\n<li class=\"bullet-arrow\"><span style=\"font-size: 90%;\"><a href=\"https:\/\/no-bell.com\/fr\/politique-de-confidentialite\/\">Politique de confidentialit\u00e9<\/a><\/span><\/li>\n<li class=\"bullet-arrow\"><a href=\"https:\/\/no-bell.com\/fr\/passer-au-contenu\/\"><span style=\"font-size: 90%;\">Mentions l\u00e9gales<\/span><\/a><\/li>\n<li class=\"bullet-arrow\"><a href=\"https:\/\/no-bell.com\/fr\/suppression-de-compte\/\"><span style=\"font-size: 90%;\">Suppression du compte<\/span><\/a><\/li>\n<\/ul>\n\t\t\n<style>\n#text-3435012268 {\n  color: rgb(0,0,0);\n}\n#text-3435012268 > * {\n  color: rgb(0,0,0);\n}\n<\/style>\n\t<\/div>\n\t\n\n\t\t<\/div>\n\t\t\t\t\t<\/div>\n\n\t\n\n<\/div>\n\n\t\t<\/div>\n\t\t\t\t\n<style>\n#col-1781855651 > .col-inner {\n  padding: 0px 10px 0px 20px;\n}\n<\/style>\n\t<\/div>\n\n\t\n\n\t<div id=\"col-889456404\" class=\"col medium-4 small-12 large-4\"  >\n\t\t\t\t<div class=\"col-inner\"  >\n\t\t\t\n\t\t\t\n\n<p><strong>T\u00e9l\u00e9chargez l'application<\/strong><\/p>\n\n<div class=\"row row-collapse row-full-width align-middle\"  id=\"row-1667459458\">\n\n\n\t<div id=\"col-1855468392\" class=\"col medium-6 small-6 large-6\"  >\n\t\t\t\t<div class=\"col-inner text-left\"  >\n\t\t\t\n\t\t\t\n\n\t<div class=\"img has-hover x md-x lg-x y md-y lg-y\" id=\"image_963523361\">\n\t\t<a class=\"\" href=\"https:\/\/apps.apple.com\/us\/app\/nobell\/id6475811549\" target=\"_blank\" rel=\"nofollow noopener noreferrer\" >\t\t\t\t\t\t<div class=\"img-inner dark\" >\n\t\t\t<img loading=\"lazy\" decoding=\"async\" width=\"1\" height=\"1\" src=\"https:\/\/www.no-bell.com\/wp-content\/uploads\/2024\/03\/Download_on_the_App_Store_Badge_FR_RGB_blk_100517.svg\" class=\"attachment-large size-large\" alt=\"\" \/>\t\t\t\t\t\t\n\t\t\t\t\t<\/div>\n\t\t\t\t\t\t<\/a>\t\t\n<style>\n#image_963523361 {\n  width: 88%;\n}\n<\/style>\n\t<\/div>\n\t\n\n\n\t\t<\/div>\n\t\t\t\t\t<\/div>\n\n\t\n\n\t<div id=\"col-650509251\" class=\"col medium-6 small-6 large-6\"  >\n\t\t\t\t<div class=\"col-inner\"  >\n\t\t\t\n\t\t\t\n\n\t<div class=\"img has-hover x md-x lg-x y md-y lg-y\" id=\"image_930871072\">\n\t\t<a class=\"\" href=\"https:\/\/play.google.com\/store\/apps\/details?id=com.nobell.app\" target=\"_blank\" rel=\"nofollow noopener noreferrer\" >\t\t\t\t\t\t<div class=\"img-inner dark\" style=\"margin:0px 0px 0px 0px;\">\n\t\t\t<img loading=\"lazy\" decoding=\"async\" width=\"646\" height=\"250\" src=\"https:\/\/www.no-bell.com\/wp-content\/uploads\/2024\/03\/google-play-badge-fr.png\" class=\"attachment-large size-large\" alt=\"\" srcset=\"https:\/\/www.no-bell.com\/wp-content\/uploads\/2024\/03\/google-play-badge-fr.png 646w, https:\/\/www.no-bell.com\/wp-content\/uploads\/2024\/03\/google-play-badge-fr-300x116.png 300w, https:\/\/www.no-bell.com\/wp-content\/uploads\/2024\/03\/google-play-badge-fr-600x232.png 600w\" sizes=\"auto, (max-width: 646px) 100vw, 646px\" \/>\t\t\t\t\t\t\n\t\t\t\t\t<\/div>\n\t\t\t\t\t\t<\/a>\t\t\n<style>\n#image_930871072 {\n  width: 100%;\n}\n<\/style>\n\t<\/div>\n\t\n\n\n\t\t<\/div>\n\t\t\t\t\t<\/div>\n\n\t\n\n<\/div>\n\n\t\t<\/div>\n\t\t\t\t\n<style>\n#col-889456404 > .col-inner {\n  padding: 0px 10px 0px 20px;\n}\n<\/style>\n\t<\/div>\n\n\t\n\n<\/div>\n\n\t\t<\/div>\n\n\t\t\n<style>\n#section_115942202 {\n  padding-top: 30px;\n  padding-bottom: 30px;\n  background-color: rgba(219, 222, 226, 0.355);\n}\n#section_115942202 .section-bg-overlay {\n  background-color: rgba(255,255,255,.5);\n}\n#section_115942202 .ux-shape-divider--top svg {\n  height: 150px;\n  --divider-top-width: 100%;\n}\n#section_115942202 .ux-shape-divider--bottom svg {\n  height: 150px;\n  --divider-width: 100%;\n}\n<\/style>\n\t<\/section>\n\t\n\t<section class=\"section dark\" id=\"section_2123811579\">\n\t\t<div class=\"bg section-bg fill bg-fill  bg-loaded\" >\n\n\t\t\t\n\t\t\t\n\t\t\t\n\n\t\t<\/div>\n\n\t\t\n\n\t\t<div class=\"section-content relative\">\n\t\t\t\n\n<div class=\"row row-collapse\"  id=\"row-1032219050\">\n\n\n\t<div id=\"col-2035368525\" class=\"col small-12 large-12\"  >\n\t\t\t\t<div class=\"col-inner text-center\"  >\n\t\t\t\n\t\t\t\n\n<div class=\"row row-collapse align-middle\"  id=\"row-461663943\">\n\n\n\t<div id=\"col-1693194754\" class=\"col medium-6 small-6 large-6 medium-col-first\"  >\n\t\t\t\t<div class=\"col-inner text-left\"  >\n\t\t\t\n\t\t\t\n\n<div class=\"social-icons follow-icons full-width text-center\" style=\"font-size:110%\"><a href=\"https:\/\/www.instagram.com\/call_the_service\/\" target=\"_blank\" rel=\"noopener noreferrer nofollow\" data-label=\"Instagram\" class=\"icon plain  instagram tooltip\" title=\"Nous suivre sur Instagram\" aria-label=\"Nous suivre sur Instagram\"><i class=\"icon-instagram\" ><\/i><\/a><a href=\"https:\/\/www.linkedin.com\/company\/98721768\/\" target=\"_blank\" rel=\"noopener noreferrer nofollow\" data-label=\"LinkedIn\" class=\"icon plain  linkedin tooltip\" title=\"Follow on LinkedIn\" aria-label=\"Follow on LinkedIn\"><i class=\"icon-linkedin\" ><\/i><\/a><a href=\"https:\/\/www.youtube.com\/@CallTheService\" target=\"_blank\" rel=\"noopener noreferrer nofollow\" data-label=\"YouTube\" class=\"icon plain  youtube tooltip\" title=\"Nous suivre sur Youtube\" aria-label=\"Nous suivre sur Youtube\"><i class=\"icon-youtube\" ><\/i><\/a><\/div>\n\n\n\t\t<\/div>\n\t\t\t\t\t<\/div>\n\n\t\n\n\t<div id=\"col-1277875570\" class=\"col medium-12 small-12 large-6\"  >\n\t\t\t\t<div class=\"col-inner text-center\"  >\n\t\t\t\n\t\t\t\n\n<p>\u00a9 2026 NOBELL<\/p>\n\n\t\t<\/div>\n\t\t\t\t\t<\/div>\n\n\t\n\n\n<style>\n#row-461663943 > .col > .col-inner {\n  padding: 0px 0px 10px 0px;\n}\n@media (min-width:850px) {\n  #row-461663943 > .col > .col-inner {\n    padding: 0 0px 0px 0px;\n  }\n}\n<\/style>\n<\/div>\n\n\t\t<\/div>\n\t\t\t\t\t<\/div>\n\n\t\n\n<\/div>\n\n\t\t<\/div>\n\n\t\t\n<style>\n#section_2123811579 {\n  padding-top: 10px;\n  padding-bottom: 10px;\n  background-color: rgb(0,0,0);\n}\n#section_2123811579 .ux-shape-divider--top svg {\n  height: 150px;\n  --divider-top-width: 100%;\n}\n#section_2123811579 .ux-shape-divider--bottom svg {\n  height: 150px;\n  --divider-width: 100%;\n}\n<\/style>\n\t<\/section>\n\t\n\n\n","protected":false},"excerpt":{"rendered":"","protected":false},"author":10,"featured_media":0,"parent":0,"menu_order":0,"comment_status":"closed","ping_status":"closed","template":"page-blank.php","meta":{"footnotes":""},"class_list":["post-2829","page","type-page","status-publish","hentry"],"yoast_head":"<!-- This site is optimized with the Yoast SEO plugin v22.3 - https:\/\/yoast.com\/wordpress\/plugins\/seo\/ -->\n<title>Suppression de compte - NOBELL<\/title>\n<meta name=\"robots\" content=\"index, follow, max-snippet:-1, max-image-preview:large, max-video-preview:-1\" \/>\n<link rel=\"canonical\" href=\"https:\/\/www.no-bell.com\/fr\/suppression-de-compte\/\" \/>\n<meta property=\"og:locale\" content=\"fr_FR\" \/>\n<meta property=\"og:type\" content=\"article\" \/>\n<meta property=\"og:title\" content=\"Suppression de compte - NOBELL\" \/>\n<meta property=\"og:url\" content=\"https:\/\/www.no-bell.com\/fr\/suppression-de-compte\/\" \/>\n<meta property=\"og:site_name\" content=\"NOBELL\" \/>\n<meta property=\"article:modified_time\" content=\"2024-03-12T12:30:01+00:00\" \/>\n<meta name=\"twitter:card\" content=\"summary_large_image\" \/>\n<meta name=\"twitter:label1\" content=\"Dur\u00e9e de lecture estim\u00e9e\" \/>\n\t<meta name=\"twitter:data1\" content=\"1 minute\" \/>\n<script type=\"application\/ld+json\" class=\"yoast-schema-graph\">{\"@context\":\"https:\/\/schema.org\",\"@graph\":[{\"@type\":\"WebPage\",\"@id\":\"https:\/\/www.no-bell.com\/fr\/suppression-de-compte\/\",\"url\":\"https:\/\/www.no-bell.com\/fr\/suppression-de-compte\/\",\"name\":\"Suppression de compte - NOBELL\",\"isPartOf\":{\"@id\":\"https:\/\/www.no-bell.com\/fr\/#website\"},\"datePublished\":\"2024-02-08T09:38:50+00:00\",\"dateModified\":\"2024-03-12T12:30:01+00:00\",\"breadcrumb\":{\"@id\":\"https:\/\/www.no-bell.com\/fr\/suppression-de-compte\/#breadcrumb\"},\"inLanguage\":\"fr-FR\",\"potentialAction\":[{\"@type\":\"ReadAction\",\"target\":[\"https:\/\/www.no-bell.com\/fr\/suppression-de-compte\/\"]}]},{\"@type\":\"BreadcrumbList\",\"@id\":\"https:\/\/www.no-bell.com\/fr\/suppression-de-compte\/#breadcrumb\",\"itemListElement\":[{\"@type\":\"ListItem\",\"position\":1,\"name\":\"Home\",\"item\":\"https:\/\/www.no-bell.com\/fr\/\"},{\"@type\":\"ListItem\",\"position\":2,\"name\":\"Suppression de compte\"}]},{\"@type\":\"WebSite\",\"@id\":\"https:\/\/www.no-bell.com\/fr\/#website\",\"url\":\"https:\/\/www.no-bell.com\/fr\/\",\"name\":\"NOBELL\",\"description\":\"Digital Bell &amp; Key\",\"potentialAction\":[{\"@type\":\"SearchAction\",\"target\":{\"@type\":\"EntryPoint\",\"urlTemplate\":\"https:\/\/www.no-bell.com\/fr\/?s={search_term_string}\"},\"query-input\":\"required name=search_term_string\"}],\"inLanguage\":\"fr-FR\"}]}<\/script>\n<!-- \/ Yoast SEO plugin. -->","yoast_head_json":{"title":"Suppression de compte - NOBELL","robots":{"index":"index","follow":"follow","max-snippet":"max-snippet:-1","max-image-preview":"max-image-preview:large","max-video-preview":"max-video-preview:-1"},"canonical":"https:\/\/www.no-bell.com\/fr\/suppression-de-compte\/","og_locale":"fr_FR","og_type":"article","og_title":"Suppression de compte - NOBELL","og_url":"https:\/\/www.no-bell.com\/fr\/suppression-de-compte\/","og_site_name":"NOBELL","article_modified_time":"2024-03-12T12:30:01+00:00","twitter_card":"summary_large_image","twitter_misc":{"Dur\u00e9e de lecture estim\u00e9e":"1 minute"},"schema":{"@context":"https:\/\/schema.org","@graph":[{"@type":"WebPage","@id":"https:\/\/www.no-bell.com\/fr\/suppression-de-compte\/","url":"https:\/\/www.no-bell.com\/fr\/suppression-de-compte\/","name":"Suppression de compte - NOBELL","isPartOf":{"@id":"https:\/\/www.no-bell.com\/fr\/#website"},"datePublished":"2024-02-08T09:38:50+00:00","dateModified":"2024-03-12T12:30:01+00:00","breadcrumb":{"@id":"https:\/\/www.no-bell.com\/fr\/suppression-de-compte\/#breadcrumb"},"inLanguage":"fr-FR","potentialAction":[{"@type":"ReadAction","target":["https:\/\/www.no-bell.com\/fr\/suppression-de-compte\/"]}]},{"@type":"BreadcrumbList","@id":"https:\/\/www.no-bell.com\/fr\/suppression-de-compte\/#breadcrumb","itemListElement":[{"@type":"ListItem","position":1,"name":"Home","item":"https:\/\/www.no-bell.com\/fr\/"},{"@type":"ListItem","position":2,"name":"Suppression de compte"}]},{"@type":"WebSite","@id":"https:\/\/www.no-bell.com\/fr\/#website","url":"https:\/\/www.no-bell.com\/fr\/","name":"NOBELL","description":"Digital Bell &amp; Key","potentialAction":[{"@type":"SearchAction","target":{"@type":"EntryPoint","urlTemplate":"https:\/\/www.no-bell.com\/fr\/?s={search_term_string}"},"query-input":"required name=search_term_string"}],"inLanguage":"fr-FR"}]}},"_links":{"self":[{"href":"https:\/\/www.no-bell.com\/fr\/wp-json\/wp\/v2\/pages\/2829","targetHints":{"allow":["GET"]}}],"collection":[{"href":"https:\/\/www.no-bell.com\/fr\/wp-json\/wp\/v2\/pages"}],"about":[{"href":"https:\/\/www.no-bell.com\/fr\/wp-json\/wp\/v2\/types\/page"}],"author":[{"embeddable":true,"href":"https:\/\/www.no-bell.com\/fr\/wp-json\/wp\/v2\/users\/10"}],"replies":[{"embeddable":true,"href":"https:\/\/www.no-bell.com\/fr\/wp-json\/wp\/v2\/comments?post=2829"}],"version-history":[{"count":3,"href":"https:\/\/www.no-bell.com\/fr\/wp-json\/wp\/v2\/pages\/2829\/revisions"}],"predecessor-version":[{"id":3212,"href":"https:\/\/www.no-bell.com\/fr\/wp-json\/wp\/v2\/pages\/2829\/revisions\/3212"}],"wp:attachment":[{"href":"https:\/\/www.no-bell.com\/fr\/wp-json\/wp\/v2\/media?parent=2829"}],"curies":[{"name":"wp","href":"https:\/\/api.w.org\/{rel}","templated":true}]}}